{"id":5001,"date":"2025-12-15T20:26:29","date_gmt":"2025-12-15T20:26:29","guid":{"rendered":"https:\/\/azalia-boutique.com\/tienda\/?post_type=product&#038;p=5001"},"modified":"2026-01-14T23:17:16","modified_gmt":"2026-01-14T23:17:16","slug":"palazzo-one-shoulder-black","status":"publish","type":"product","link":"https:\/\/azalia-boutique.com\/tienda\/producto\/palazzo-one-shoulder-black\/","title":{"rendered":"Palazzo One Shoulder Black"},"content":{"rendered":"<div class=\"flex flex-col text-sm @w-xl\/main:pt-header-height pb-25\">\n<article class=\"text-token-text-primary w-full focus:outline-none [--shadow-height:45px] has-data-writing-block:pointer-events-none has-data-writing-block:-mt-(--shadow-height) has-data-writing-block:pt-(--shadow-height) [&amp;:has([data-writing-block])&gt;*]:pointer-events-auto scroll-mt-[calc(var(--header-height)+min(200px,max(70px,20svh)))]\" dir=\"auto\" tabindex=\"-1\" data-turn-id=\"request-WEB:cb0fc4ca-2c75-427d-a23a-137b953ab4a9-1\" data-testid=\"conversation-turn-4\" data-scroll-anchor=\"true\" data-turn=\"assistant\">\n<div class=\"text-base my-auto mx-auto pb-10 [--thread-content-margin:--spacing(4)] @w-sm\/main:[--thread-content-margin:--spacing(6)] @w-lg\/main:[--thread-content-margin:--spacing(16)] px-(--thread-content-margin)\">\n<div class=\"[--thread-content-max-width:40rem] @w-lg\/main:[--thread-content-max-width:48rem] mx-auto max-w-(--thread-content-max-width) flex-1 group\/turn-messages focus-visible:outline-hidden relative flex w-full min-w-0 flex-col agent-turn\" tabindex=\"-1\">\n<div class=\"flex max-w-full flex-col grow\">\n<div class=\"min-h-8 text-message relative flex w-full flex-col items-end gap-2 text-start break-words whitespace-normal [.text-message+&amp;]:mt-1\" dir=\"auto\" data-message-author-role=\"assistant\" data-message-id=\"5b44be13-d0dd-4b95-9acc-b3ea969a0be2\" data-message-model-slug=\"gpt-5-2\">\n<div class=\"flex w-full flex-col gap-1 empty:hidden first:pt-[1px]\">\n<div class=\"markdown prose dark:prose-invert w-full break-words light markdown-new-styling\">\n<p data-start=\"0\" data-end=\"30\"><strong data-start=\"0\" data-end=\"30\">Palazzo One Shoulder Black<\/strong><\/p>\n<p data-start=\"32\" data-end=\"349\">Eleva tu estilo con el <em data-start=\"55\" data-end=\"83\">Palazzo One Shoulder Black<\/em>, una prenda sofisticada que combina elegancia y modernidad en un solo dise\u00f1o. Su corte asim\u00e9trico de un solo hombro aporta un toque vanguardista y femenino, mientras que el estilo tipo sastre con solapa cruzada y botones decorativos realza la figura con distinci\u00f3n.<\/p>\n<p data-start=\"351\" data-end=\"645\">Confeccionado en tela de excelente calidad, ofrece una ca\u00edda fluida y c\u00f3moda que estiliza la silueta y alarga visualmente las piernas. Su color negro cl\u00e1sico lo convierte en una opci\u00f3n vers\u00e1til y atemporal, ideal para eventos formales, cenas elegantes, fiestas nocturnas o ocasiones especiales.<\/p>\n<p data-start=\"647\" data-end=\"775\" data-is-last-node=\"\" data-is-only-node=\"\">Una pieza protagonista que refleja seguridad, glamour y buen gusto, perfecta para mujeres que buscan destacar con elegancia. \ud83d\udda4\u2728<\/p>\n<\/div>\n<\/div>\n<\/div>\n<\/div>\n<div class=\"z-0 flex min-h-[46px] justify-start\"><\/div>\n<div class=\"mt-3 w-full empty:hidden\">\n<div class=\"text-center\"><\/div>\n<\/div>\n<\/div>\n<\/div>\n<\/article>\n<\/div>\n<div class=\"pointer-events-none h-px w-px absolute bottom-0\" aria-hidden=\"true\" data-edge=\"true\"><\/div>\n","protected":false},"excerpt":{"rendered":"<p>Palazzo One Shoulder Black Eleva tu estilo con el Palazzo One Shoulder Black, una prenda sofisticada que combina elegancia y modernidad en un solo dise\u00f1o. Su corte asim\u00e9trico de un solo hombro aporta un toque vanguardista y femenino, mientras que el estilo tipo sastre con solapa cruzada y botones decorativos realza la figura con distinci\u00f3n. [&hellip;]<\/p>\n","protected":false},"featured_media":5006,"template":"","meta":{"inline_featured_image":false,"_joinchat":[]},"product_brand":[],"product_cat":[415,21],"product_tag":[171,172,260,474,499,165,175,210,66,369,534,395,403,533],"class_list":{"0":"post-5001","1":"product","2":"type-product","3":"status-publish","4":"has-post-thumbnail","6":"product_cat-palazzo","7":"product_cat-jumpsuits","8":"product_tag-black","9":"product_tag-bodas","10":"product_tag-cenas","11":"product_tag-citas","12":"product_tag-ejecutivo","13":"product_tag-elegante","14":"product_tag-eventos","15":"product_tag-galas","16":"product_tag-negro","17":"product_tag-noche","18":"product_tag-one","19":"product_tag-oscuro","20":"product_tag-reuniones","21":"product_tag-shoulder","23":"first","24":"instock","25":"sold-individually","26":"shipping-taxable","27":"purchasable","28":"product-type-variable"},"jetpack_sharing_enabled":true,"_links":{"self":[{"href":"https:\/\/azalia-boutique.com\/tienda\/wp-json\/wp\/v2\/product\/5001","targetHints":{"allow":["GET"]}}],"collection":[{"href":"https:\/\/azalia-boutique.com\/tienda\/wp-json\/wp\/v2\/product"}],"about":[{"href":"https:\/\/azalia-boutique.com\/tienda\/wp-json\/wp\/v2\/types\/product"}],"wp:featuredmedia":[{"embeddable":true,"href":"https:\/\/azalia-boutique.com\/tienda\/wp-json\/wp\/v2\/media\/5006"}],"wp:attachment":[{"href":"https:\/\/azalia-boutique.com\/tienda\/wp-json\/wp\/v2\/media?parent=5001"}],"wp:term":[{"taxonomy":"product_brand","embeddable":true,"href":"https:\/\/azalia-boutique.com\/tienda\/wp-json\/wp\/v2\/product_brand?post=5001"},{"taxonomy":"product_cat","embeddable":true,"href":"https:\/\/azalia-boutique.com\/tienda\/wp-json\/wp\/v2\/product_cat?post=5001"},{"taxonomy":"product_tag","embeddable":true,"href":"https:\/\/azalia-boutique.com\/tienda\/wp-json\/wp\/v2\/product_tag?post=5001"}],"curies":[{"name":"wp","href":"https:\/\/api.w.org\/{rel}","templated":true}]}}