{"id":6109,"date":"2026-02-19T22:47:23","date_gmt":"2026-02-19T22:47:23","guid":{"rendered":"https:\/\/azalia-boutique.com\/tienda\/?post_type=product&#038;p=6109"},"modified":"2026-03-12T21:41:51","modified_gmt":"2026-03-12T21:41:51","slug":"vestido-geometria-amarilla","status":"publish","type":"product","link":"https:\/\/azalia-boutique.com\/tienda\/producto\/vestido-geometria-amarilla\/","title":{"rendered":"Vestido Geometria Amarilla"},"content":{"rendered":"<p data-start=\"32\" data-end=\"333\">Luz, sofisticaci\u00f3n y dise\u00f1o en perfecta armon\u00eda. El vestido <strong data-start=\"92\" data-end=\"114\">Geometr\u00eda Amarilla<\/strong> destaca por su delicado tono amarillo mantequilla que ilumina la silueta con un aire fresco y femenino. Su dise\u00f1o midi presenta un corte estructurado con tirantes finos y escote recto que realza elegantemente el torso.<\/p>\n<p data-start=\"335\" data-end=\"570\">La falda es la protagonista: un espectacular patr\u00f3n geom\u00e9trico calado que crea un juego visual moderno y sofisticado, aportando movimiento y originalidad a cada paso. Incluye cintur\u00f3n a juego que define la cintura y estiliza la figura.<\/p>\n","protected":false},"excerpt":{"rendered":"<p>Luz, sofisticaci\u00f3n y dise\u00f1o en perfecta armon\u00eda. El vestido Geometr\u00eda Amarilla destaca por su delicado tono amarillo mantequilla que ilumina la silueta con un aire fresco y femenino. Su dise\u00f1o midi presenta un corte estructurado con tirantes finos y escote recto que realza elegantemente el torso. La falda es la protagonista: un espectacular patr\u00f3n geom\u00e9trico [&hellip;]<\/p>\n","protected":false},"featured_media":6113,"template":"","meta":{"inline_featured_image":false,"_joinchat":[]},"product_brand":[],"product_cat":[31,30],"product_tag":[590,248,474,610,175,635,639],"class_list":{"0":"post-6109","1":"product","2":"type-product","3":"status-publish","4":"has-post-thumbnail","6":"product_cat-vestidos","7":"product_cat-vestidos-largos","8":"product_tag-amarillo","9":"product_tag-amor","10":"product_tag-citas","11":"product_tag-date","12":"product_tag-eventos","13":"product_tag-eventos-al-aire-libre","14":"product_tag-salidas-casuales","16":"first","17":"instock","18":"sold-individually","19":"shipping-taxable","20":"purchasable","21":"product-type-variable"},"jetpack_sharing_enabled":true,"_links":{"self":[{"href":"https:\/\/azalia-boutique.com\/tienda\/wp-json\/wp\/v2\/product\/6109","targetHints":{"allow":["GET"]}}],"collection":[{"href":"https:\/\/azalia-boutique.com\/tienda\/wp-json\/wp\/v2\/product"}],"about":[{"href":"https:\/\/azalia-boutique.com\/tienda\/wp-json\/wp\/v2\/types\/product"}],"wp:featuredmedia":[{"embeddable":true,"href":"https:\/\/azalia-boutique.com\/tienda\/wp-json\/wp\/v2\/media\/6113"}],"wp:attachment":[{"href":"https:\/\/azalia-boutique.com\/tienda\/wp-json\/wp\/v2\/media?parent=6109"}],"wp:term":[{"taxonomy":"product_brand","embeddable":true,"href":"https:\/\/azalia-boutique.com\/tienda\/wp-json\/wp\/v2\/product_brand?post=6109"},{"taxonomy":"product_cat","embeddable":true,"href":"https:\/\/azalia-boutique.com\/tienda\/wp-json\/wp\/v2\/product_cat?post=6109"},{"taxonomy":"product_tag","embeddable":true,"href":"https:\/\/azalia-boutique.com\/tienda\/wp-json\/wp\/v2\/product_tag?post=6109"}],"curies":[{"name":"wp","href":"https:\/\/api.w.org\/{rel}","templated":true}]}}