{"id":6884,"date":"2026-04-07T22:11:16","date_gmt":"2026-04-07T22:11:16","guid":{"rendered":"https:\/\/azalia-boutique.com\/tienda\/?post_type=product&#038;p=6884"},"modified":"2026-04-07T22:11:16","modified_gmt":"2026-04-07T22:11:16","slug":"vestido-luciana-rose","status":"publish","type":"product","link":"https:\/\/azalia-boutique.com\/tienda\/producto\/vestido-luciana-rose\/","title":{"rendered":"Vestido Luciana Ros\u00e9"},"content":{"rendered":"<div class=\"flex flex-col text-sm pb-25\">\n<section class=\"text-token-text-primary w-full focus:outline-none [--shadow-height:45px] has-data-writing-block:pointer-events-none has-data-writing-block:-mt-(--shadow-height) has-data-writing-block:pt-(--shadow-height) [&amp;:has([data-writing-block])&gt;*]:pointer-events-auto scroll-mt-[calc(var(--header-height)+min(200px,max(70px,20svh)))]\" dir=\"auto\" data-turn-id=\"request-WEB:57aa9bf7-6092-4893-8803-f2c3c6e58626-29\" data-testid=\"conversation-turn-4\" data-scroll-anchor=\"true\" data-turn=\"assistant\">\n<div class=\"text-base my-auto mx-auto pb-10 [--thread-content-margin:var(--thread-content-margin-xs,calc(var(--spacing)*4))] @w-sm\/main:[--thread-content-margin:var(--thread-content-margin-sm,calc(var(--spacing)*6))] @w-lg\/main:[--thread-content-margin:var(--thread-content-margin-lg,calc(var(--spacing)*16))] px-(--thread-content-margin)\">\n<div class=\"[--thread-content-max-width:40rem] @w-lg\/main:[--thread-content-max-width:48rem] mx-auto max-w-(--thread-content-max-width) flex-1 group\/turn-messages focus-visible:outline-hidden relative flex w-full min-w-0 flex-col agent-turn\">\n<div class=\"flex max-w-full flex-col gap-4 grow\">\n<div class=\"min-h-8 text-message relative flex w-full flex-col items-end gap-2 text-start break-words whitespace-normal outline-none keyboard-focused:focus-ring [.text-message+&amp;]:mt-1\" dir=\"auto\" tabindex=\"0\" data-message-author-role=\"assistant\" data-message-id=\"949ae4b7-164a-4300-b0e4-1ce37b1f881c\" data-message-model-slug=\"gpt-5-3\" data-turn-start-message=\"true\">\n<div class=\"flex w-full flex-col gap-1 empty:hidden\">\n<div class=\"markdown prose dark:prose-invert w-full wrap-break-word light markdown-new-styling\">\n<p data-start=\"0\" data-end=\"24\"><strong data-start=\"0\" data-end=\"24\">Vestido Luciana Ros\u00e9<\/strong><\/p>\n<p data-start=\"26\" data-end=\"301\">El vestido <em data-start=\"37\" data-end=\"51\">Luciana Ros\u00e9<\/em> es la definici\u00f3n perfecta de feminidad y elegancia rom\u00e1ntica. Dise\u00f1ado en un delicado tono rosa con estampado floral en relieve, este vestido destaca por su corset estructurado con escote coraz\u00f3n que realza la silueta y brinda un ajuste favorecedor.<\/p>\n<p data-start=\"303\" data-end=\"553\">Sus tirantes finos aportan un toque sutil y sofisticado, mientras que la falda midi con ca\u00edda amplia crea movimiento y ligereza en cada paso. Incluye un cintur\u00f3n del mismo tejido que acent\u00faa la cintura, logrando una figura m\u00e1s estilizada y armoniosa.<\/p>\n<p data-start=\"555\" data-end=\"712\">Confeccionado en tela de alta calidad con acabado transl\u00facido sobre una base suave, es ideal para eventos especiales, cenas elegantes o celebraciones de d\u00eda.<\/p>\n<p data-start=\"714\" data-end=\"729\">\u2728 <strong data-start=\"716\" data-end=\"729\">Detalles:<\/strong><\/p>\n<ul data-start=\"730\" data-end=\"921\">\n<li data-section-id=\"1n964h0\" data-start=\"730\" data-end=\"761\">Escote coraz\u00f3n estructurado<\/li>\n<li data-section-id=\"hjvwah\" data-start=\"762\" data-end=\"794\">Tirantes delgados ajustables<\/li>\n<li data-section-id=\"1t510sr\" data-start=\"795\" data-end=\"821\">Falda midi con volumen<\/li>\n<li data-section-id=\"2zt0fx\" data-start=\"822\" data-end=\"843\">Cintur\u00f3n incluido<\/li>\n<li data-section-id=\"1n7cctk\" data-start=\"844\" data-end=\"874\">Estampado floral rom\u00e1ntico<\/li>\n<li data-section-id=\"d4g6wg\" data-start=\"875\" data-end=\"921\">Tela premium con acabado ligero y elegante<\/li>\n<\/ul>\n<p data-start=\"923\" data-end=\"1010\" data-is-last-node=\"\" data-is-only-node=\"\">Un dise\u00f1o pensado para destacar con delicadeza y sofisticaci\u00f3n en cualquier ocasi\u00f3n. \ud83d\udc96<\/p>\n<\/div>\n<\/div>\n<\/div>\n<\/div>\n<div class=\"z-0 flex min-h-[46px] justify-start\"><\/div>\n<div class=\"mt-3 w-full empty:hidden\">\n<div class=\"text-center\"><\/div>\n<\/div>\n<\/div>\n<\/div>\n<\/section>\n<\/div>\n<div class=\"pointer-events-none h-px w-px absolute bottom-0\" aria-hidden=\"true\" data-edge=\"true\"><\/div>\n","protected":false},"excerpt":{"rendered":"<p>Vestido Luciana Ros\u00e9 El vestido Luciana Ros\u00e9 es la definici\u00f3n perfecta de feminidad y elegancia rom\u00e1ntica. Dise\u00f1ado en un delicado tono rosa con estampado floral en relieve, este vestido destaca por su corset estructurado con escote coraz\u00f3n que realza la silueta y brinda un ajuste favorecedor. Sus tirantes finos aportan un toque sutil y sofisticado, [&hellip;]<\/p>\n","protected":false},"featured_media":6889,"template":"","meta":{"inline_featured_image":false,"_joinchat":[]},"product_brand":[],"product_cat":[31,30],"product_tag":[560,172,329,322,108,210,269,689,255],"class_list":{"0":"post-6884","1":"product","2":"type-product","3":"status-publish","4":"has-post-thumbnail","6":"product_cat-vestidos","7":"product_cat-vestidos-largos","8":"product_tag-bautizos","9":"product_tag-bodas","10":"product_tag-comidas","11":"product_tag-fiestas","12":"product_tag-flores","13":"product_tag-galas","14":"product_tag-jardin","15":"product_tag-luciana","16":"product_tag-rose","18":"first","19":"instock","20":"sold-individually","21":"shipping-taxable","22":"purchasable","23":"product-type-variable"},"jetpack_sharing_enabled":true,"_links":{"self":[{"href":"https:\/\/azalia-boutique.com\/tienda\/wp-json\/wp\/v2\/product\/6884","targetHints":{"allow":["GET"]}}],"collection":[{"href":"https:\/\/azalia-boutique.com\/tienda\/wp-json\/wp\/v2\/product"}],"about":[{"href":"https:\/\/azalia-boutique.com\/tienda\/wp-json\/wp\/v2\/types\/product"}],"wp:featuredmedia":[{"embeddable":true,"href":"https:\/\/azalia-boutique.com\/tienda\/wp-json\/wp\/v2\/media\/6889"}],"wp:attachment":[{"href":"https:\/\/azalia-boutique.com\/tienda\/wp-json\/wp\/v2\/media?parent=6884"}],"wp:term":[{"taxonomy":"product_brand","embeddable":true,"href":"https:\/\/azalia-boutique.com\/tienda\/wp-json\/wp\/v2\/product_brand?post=6884"},{"taxonomy":"product_cat","embeddable":true,"href":"https:\/\/azalia-boutique.com\/tienda\/wp-json\/wp\/v2\/product_cat?post=6884"},{"taxonomy":"product_tag","embeddable":true,"href":"https:\/\/azalia-boutique.com\/tienda\/wp-json\/wp\/v2\/product_tag?post=6884"}],"curies":[{"name":"wp","href":"https:\/\/api.w.org\/{rel}","templated":true}]}}